{"id":12,"date":"2024-03-26T17:10:26","date_gmt":"2024-03-26T16:10:26","guid":{"rendered":"http:\/\/mnejkic.cluster028.hosting.ovh.net\/?page_id=12"},"modified":"2024-08-15T18:58:55","modified_gmt":"2024-08-15T16:58:55","slug":"casa-de-la-alquimia-home","status":"publish","type":"page","link":"https:\/\/casadelaalquimiaaliksir.com\/","title":{"rendered":"Casa de la Alquimia &#8211; Home"},"content":{"rendered":"<p>[et_pb_section fb_built=\u00bb1&#8243; _builder_version=\u00bb4.24.2&#8243; _module_preset=\u00bbdefault\u00bb custom_padding=\u00bb0px||36px|||\u00bb global_colors_info=\u00bb{}\u00bb][et_pb_row _builder_version=\u00bb4.27.0&#8243; _module_preset=\u00bbdefault\u00bb background_image=\u00bbhttps:\/\/casadelaalquimiaaliksir.com\/wp-content\/uploads\/2024\/03\/inicio-2-2.jpg\u00bb background_position=\u00bbbottom_center\u00bb width=\u00bb100%\u00bb max_width=\u00bb100%\u00bb global_colors_info=\u00bb{}\u00bb][et_pb_column type=\u00bb4_4&#8243; _builder_version=\u00bb4.27.0&#8243; _module_preset=\u00bbdefault\u00bb global_colors_info=\u00bb{}\u00bb][et_pb_divider show_divider=\u00bboff\u00bb _builder_version=\u00bb4.27.0&#8243; _module_preset=\u00bbdefault\u00bb custom_padding=\u00bb252px||252px||true|false\u00bb global_colors_info=\u00bb{}\u00bb][\/et_pb_divider][\/et_pb_column][\/et_pb_row][et_pb_row _builder_version=\u00bb4.27.0&#8243; _module_preset=\u00bbdefault\u00bb width=\u00bb100%\u00bb max_width=\u00bb80%\u00bb custom_padding=\u00bb0px|||||\u00bb global_colors_info=\u00bb{}\u00bb][et_pb_column type=\u00bb4_4&#8243; _builder_version=\u00bb4.24.2&#8243; _module_preset=\u00bbdefault\u00bb global_colors_info=\u00bb{}\u00bb][et_pb_text _builder_version=\u00bb4.27.0&#8243; _module_preset=\u00bbdefault\u00bb text_text_color=\u00bb#a07b00&#8243; text_font_size=\u00bb23px\u00bb custom_padding=\u00bb48px|||||\u00bb global_colors_info=\u00bb{}\u00bb]<\/p>\n<p style=\"text-align: center;\"><em>La Casa de la Alquimia pretende dar a conocer la historia de la Alquimia Andalus\u00ed y contribuir a la divulgaci\u00f3n de la figura y obra de Yabir abu Omar,<\/em><\/p>\n<p style=\"text-align: center;\"><em>en un paradigma que sigue vivo. Ad\u00e9ntrate y desc\u00fabrelo.<\/em><\/p>\n<p>[\/et_pb_text][\/et_pb_column][\/et_pb_row][\/et_pb_section][et_pb_section fb_built=\u00bb1&#8243; _builder_version=\u00bb4.27.0&#8243; _module_preset=\u00bbdefault\u00bb background_color=\u00bb#f9f1d9&#8243; global_colors_info=\u00bb{}\u00bb][et_pb_row column_structure=\u00bb1_2,1_2&#8243; make_equal=\u00bbon\u00bb _builder_version=\u00bb4.27.0&#8243; _module_preset=\u00bbdefault\u00bb width=\u00bb100%\u00bb max_width=\u00bb80%\u00bb hover_enabled=\u00bb0&#8243; locked=\u00bboff\u00bb global_colors_info=\u00bb{}\u00bb sticky_enabled=\u00bb0&#8243;][et_pb_column type=\u00bb1_2&#8243; _builder_version=\u00bb4.27.0&#8243; _module_preset=\u00bbdefault\u00bb background_image=\u00bbhttps:\/\/casadelaalquimiaaliksir.com\/wp-content\/uploads\/2024\/07\/Salma-portada.jpg\u00bb global_colors_info=\u00bb{}\u00bb][et_pb_image src=\u00bbhttps:\/\/casadelaalquimiaaliksir.com\/wp-content\/uploads\/2024\/07\/Salma-portada.jpg\u00bb _builder_version=\u00bb4.27.0&#8243; _module_preset=\u00bbdefault\u00bb hover_enabled=\u00bb0&#8243; sticky_enabled=\u00bb0&#8243; title_text=\u00bbSalma portada\u00bb][\/et_pb_image][\/et_pb_column][et_pb_column type=\u00bb1_2&#8243; _builder_version=\u00bb4.27.0&#8243; _module_preset=\u00bbdefault\u00bb global_colors_info=\u00bb{}\u00bb][et_pb_text _builder_version=\u00bb4.27.0&#8243; _module_preset=\u00bbdefault\u00bb text_font=\u00bb||||||||\u00bb text_font_size=\u00bb16px\u00bb custom_margin=\u00bb0px||40px|||\u00bb custom_padding=\u00bb0px||0px||false|false\u00bb global_colors_info=\u00bb{}\u00bb]<\/p>\n<div id=\"sppb-addon-wrapper-1583692880685\" class=\"sppb-addon-wrapper  addon-root-text-block\">\n<div id=\"sppb-addon-1583692880685\" class=\"clearfix  \">\n<div class=\"sppb-addon sppb-addon-text-block sppb-dropcap \">\n<div class=\"sppb-addon-content\"><span><\/span><\/div>\n<\/div>\n<\/div>\n<\/div>\n<div id=\"sppb-addon-wrapper-1583693068561\" class=\"sppb-addon-wrapper  addon-root-text-block\">\n<div id=\"sppb-addon-1583693068561\" class=\"clearfix  \">\n<div class=\"sppb-addon sppb-addon-text-block sppb-dropcap \">\n<div class=\"sppb-addon-content\" style=\"text-align: left;\"><span class='et-dropcap'>E<\/span>l Museo de la Alquimia es la continuaci\u00f3n del proyecto de recuperaci\u00f3n y conservaci\u00f3n de la memoria andalus\u00ed que<strong> Salma Al Farouki<\/strong> comenz\u00f3 en C\u00f3rdoba hace 30 a\u00f1os. La Alquimia es \u201cuna sabidur\u00eda trascendente que favorece el descubrimiento del origen divino del hombre, devolvi\u00e9ndole su salud f\u00edsica, mental y emocional\u00bb, esta se basa en \u201cla b\u00fasqueda divina del hombre reconectando el Uno y el Todo\u00bb.<\/div>\n<\/div>\n<\/div>\n<\/div>\n<div id=\"sppb-addon-wrapper-1583693373665\" class=\"sppb-addon-wrapper  addon-root-testimonial\">\n<div id=\"sppb-addon-1583693373665\" class=\"clearfix  \">\n<div class=\"sppb-addon sppb-addon-testimonial \">\n<div class=\"sppb-addon-content\"><\/div>\n<\/div>\n<\/div>\n<\/div>\n<p>[\/et_pb_text][et_pb_image src=\u00bbhttps:\/\/casadelaalquimiaaliksir.com\/wp-content\/uploads\/2024\/07\/Yabir-abu-Omar.jpg\u00bb title_text=\u00bbYabir abu Omar.\u00bb align=\u00bbcenter\u00bb _builder_version=\u00bb4.27.0&#8243; _module_preset=\u00bbdefault\u00bb width=\u00bb69%\u00bb max_width=\u00bb69%\u00bb global_colors_info=\u00bb{}\u00bb][\/et_pb_image][et_pb_text _builder_version=\u00bb4.27.0&#8243; _module_preset=\u00bbdefault\u00bb text_font=\u00bb||||||||\u00bb text_font_size=\u00bb16px\u00bb custom_margin=\u00bb40px||0px|||\u00bb custom_padding=\u00bb||0px||false|false\u00bb global_colors_info=\u00bb{}\u00bb]<\/p>\n<div id=\"sppb-addon-wrapper-1583692880685\" class=\"sppb-addon-wrapper  addon-root-text-block\">\n<div id=\"sppb-addon-1583692880685\" class=\"clearfix  \">\n<div class=\"sppb-addon sppb-addon-text-block sppb-dropcap \">\n<div class=\"sppb-addon-content\"><span><\/span><\/div>\n<\/div>\n<\/div>\n<\/div>\n<div id=\"sppb-addon-wrapper-1583693068561\" class=\"sppb-addon-wrapper  addon-root-text-block\">\n<div id=\"sppb-addon-1583693068561\" class=\"clearfix  \">\n<div class=\"sppb-addon sppb-addon-text-block sppb-dropcap \">\n<div class=\"sppb-addon-content\" style=\"text-align: left;\"><span><span class='et-dropcap'>E<\/span>l espacio est\u00e1 dedicado a la figura de <strong>Yabir Abu Omar<\/strong> (Ja\u00e9n 1953-Granada 2009), fil\u00f3logo y maestro espagirista en su vida p\u00fablica, alquimista y te\u00fargo en su c\u00edrculo privado. A finales de los a\u00f1os ochenta refunda en Granada el saber espag\u00edrico del Al Andalus y crea la Escuela Andalus\u00ed Shotis de Espagir\u00eda.<\/span><\/div>\n<\/div>\n<\/div>\n<\/div>\n<div id=\"sppb-addon-wrapper-1583693373665\" class=\"sppb-addon-wrapper  addon-root-testimonial\">\n<div id=\"sppb-addon-1583693373665\" class=\"clearfix  \">\n<div class=\"sppb-addon sppb-addon-testimonial \">\n<div class=\"sppb-addon-content\"><\/div>\n<\/div>\n<\/div>\n<\/div>\n<p>[\/et_pb_text][\/et_pb_column][\/et_pb_row][\/et_pb_section][et_pb_section fb_built=\u00bb1&#8243; _builder_version=\u00bb4.27.0&#8243; _module_preset=\u00bbdefault\u00bb global_colors_info=\u00bb{}\u00bb][et_pb_row _builder_version=\u00bb4.27.0&#8243; _module_preset=\u00bbdefault\u00bb global_colors_info=\u00bb{}\u00bb][et_pb_column type=\u00bb4_4&#8243; _builder_version=\u00bb4.27.0&#8243; _module_preset=\u00bbdefault\u00bb global_colors_info=\u00bb{}\u00bb][et_pb_text _builder_version=\u00bb4.27.0&#8243; _module_preset=\u00bbdefault\u00bb global_colors_info=\u00bb{}\u00bb]<\/p>\n<div class=\"sppb-addon-testimonial-review\">\n<div style=\"text-align: center;\"><span><em>Oh d\u00eda, despierta! los \u00e1tomos bailan.<\/em><\/span><\/div>\n<div style=\"text-align: center;\"><span><em>Todo el Universo baila gracias a ellos.<\/em><\/span><\/div>\n<div style=\"text-align: center;\"><span><em>Las almas bailan pose\u00eddas por el \u00e9xtasis.<\/em><\/span><\/div>\n<div style=\"text-align: center;\"><span><em>Te susurrare\u0301 al oi\u0301do&#8230; a donde les arrastra esta danza.<\/em><\/span><\/div>\n<div style=\"text-align: center;\"><span><em>Todos los a\u0301tomos en el aire y en el desierto&#8230; parecen posei\u0301dos.<\/em><\/span><\/div>\n<div style=\"text-align: center;\"><span><em>Cada a\u0301tomo, feliz o triste&#8230; esta\u0301 encantado por el Sol.<\/em><\/span><\/div>\n<div style=\"text-align: center;\"><span><em>No hay nada ma\u0301s que decir.<\/em><\/span><\/div>\n<div style=\"text-align: center;\"><span><em>Nada ma\u0301s (&#8230;)<\/em><\/span><\/div>\n<div style=\"text-align: center;\"><span><em><\/em><\/span><\/div>\n<\/div>\n<div class=\"sppb-addon-testimonial-footer\">\n<div class=\"sppb-addon-testimonial-content-wrap\" style=\"text-align: center;\"><span><span class=\"sppb-addon-testimonial-client\">Extra\u00eddo del Poema de los \u00e1tomos de Yal\u0101l ad-D\u012bn Muhammad Balkhi (Rumi- s.XIII)<\/span><\/span><\/div>\n<\/div>\n<p>.<\/p>\n<p>[\/et_pb_text][\/et_pb_column][\/et_pb_row][\/et_pb_section]<\/p>\n","protected":false},"excerpt":{"rendered":"<p>La Casa de la Alquimia pretende dar a conocer la historia de la Alquimia Andalus\u00ed y contribuir a la divulgaci\u00f3n de la figura y obra de Yabir abu Omar, en un paradigma que sigue vivo. Ad\u00e9ntrate y desc\u00fabrelo. <span class='et-dropcap'>E<\/span>l Museo de la Alquimia es la continuaci\u00f3n del proyecto de recuperaci\u00f3n y conservaci\u00f3n de la memoria [&hellip;]<\/p>\n","protected":false},"author":1,"featured_media":0,"parent":0,"menu_order":0,"comment_status":"closed","ping_status":"closed","template":"","meta":{"_et_pb_use_builder":"on","_et_pb_old_content":"","_et_gb_content_width":"","footnotes":""},"class_list":["post-12","page","type-page","status-publish","hentry"],"_links":{"self":[{"href":"https:\/\/casadelaalquimiaaliksir.com\/index.php\/wp-json\/wp\/v2\/pages\/12","targetHints":{"allow":["GET"]}}],"collection":[{"href":"https:\/\/casadelaalquimiaaliksir.com\/index.php\/wp-json\/wp\/v2\/pages"}],"about":[{"href":"https:\/\/casadelaalquimiaaliksir.com\/index.php\/wp-json\/wp\/v2\/types\/page"}],"author":[{"embeddable":true,"href":"https:\/\/casadelaalquimiaaliksir.com\/index.php\/wp-json\/wp\/v2\/users\/1"}],"replies":[{"embeddable":true,"href":"https:\/\/casadelaalquimiaaliksir.com\/index.php\/wp-json\/wp\/v2\/comments?post=12"}],"version-history":[{"count":15,"href":"https:\/\/casadelaalquimiaaliksir.com\/index.php\/wp-json\/wp\/v2\/pages\/12\/revisions"}],"predecessor-version":[{"id":551,"href":"https:\/\/casadelaalquimiaaliksir.com\/index.php\/wp-json\/wp\/v2\/pages\/12\/revisions\/551"}],"wp:attachment":[{"href":"https:\/\/casadelaalquimiaaliksir.com\/index.php\/wp-json\/wp\/v2\/media?parent=12"}],"curies":[{"name":"wp","href":"https:\/\/api.w.org\/{rel}","templated":true}]}}