{"id":144,"date":"2024-03-26T18:50:10","date_gmt":"2024-03-26T17:50:10","guid":{"rendered":"https:\/\/casadelaalquimiaaliksir.com\/?page_id=144"},"modified":"2024-03-26T18:50:10","modified_gmt":"2024-03-26T17:50:10","slug":"politica-de-redes-sociales","status":"publish","type":"page","link":"https:\/\/casadelaalquimiaaliksir.com\/index.php\/politica-de-redes-sociales\/","title":{"rendered":"Pol\u00edtica de Redes Sociales"},"content":{"rendered":"<p>[et_pb_section fb_built=\u00bb1&#8243; theme_builder_area=\u00bbpost_content\u00bb _builder_version=\u00bb4.24.2&#8243; _module_preset=\u00bbdefault\u00bb][et_pb_row _builder_version=\u00bb4.24.2&#8243; _module_preset=\u00bbdefault\u00bb theme_builder_area=\u00bbpost_content\u00bb][et_pb_column _builder_version=\u00bb4.24.2&#8243; _module_preset=\u00bbdefault\u00bb type=\u00bb4_4&#8243; theme_builder_area=\u00bbpost_content\u00bb][et_pb_text _builder_version=\u00bb4.24.2&#8243; _module_preset=\u00bbdefault\u00bb theme_builder_area=\u00bbpost_content\u00bb hover_enabled=\u00bb0&#8243; sticky_enabled=\u00bb0&#8243;]<\/p>\n<p align=\"justify\">C\u00d3RDOBA SIGLO XII, SL (en adelante, la \u201cEmpresa\u201d). CIF: B14430086 Domicilio: C\/Judios, n\u00ba 12, N\u00ba 11, 14004 &#8211;\u00a0 (C\u00d3RDOBA). Email: contacto@casadelaquimiaaliksir.com, para comunicaciones en materia de Protecci\u00f3n de datos o aclaraciones relacionadas con la pol\u00edtica de Redes Sociales: <a href=\"mailto:%3Cimg%20src%3D\">.<\/a><\/p>\n<p align=\"justify\">La Empresa, abogando por los nuevos canales de comunicaci\u00f3n en redes sociales como uno de los modos m\u00e1s cercanos de participaci\u00f3n por parte de nuestros usuarios, elabora la presente pol\u00edtica de uso de Redes Sociales con el objeto de que las comunicaciones sean productivas y conscientes con nuestra misi\u00f3n y compromiso con ellos. De este modo, la presente pol\u00edtica se aplicar\u00e1 a los contenidos, comentarios y datos recogidos o proporcionados en las p\u00e1ginas oficiales de la Empresa y en las plataformas de Redes Sociales donde est\u00e9 presente.<\/p>\n<p align=\"justify\">No obstante y con independencia de lo anterior, cabe recordar que, como usuario directo de la Red Social concreta, est\u00e1 sujeto a la Pol\u00edtica de Privacidad y Condiciones de Uso que se establecen en las mismas, por lo que es conveniente que se verifique la informaci\u00f3n contenida en dichas pol\u00edticas y condiciones, as\u00ed como en la configuraci\u00f3n de privacidad de las cuentas generadas por el usuario.<\/p>\n<p align=\"justify\"><strong>\u00bfC\u00f3mo se recogen y obtienen sus datos?<\/strong><\/p>\n<p align=\"justify\">La Empresa podr\u00e1 tener acceso a los datos de aquellos usuarios que se unan o utilicen las p\u00e1ginas o perfiles oficiales de la misma. Si se llevan a cabo acciones publicitarias en las que el usuario participe, la Empresa podr\u00e1 acceder a sus datos con la finalidad de gestionar los servicios ofrecidos y\/o informarle acerca de la publicidad mostrada.\u00a0<\/p>\n<p align=\"justify\">En caso de que el usuario acceda a nuestros perfiles o p\u00e1ginas oficiales, debe tener en cuenta que la Empresa puede tener acceso a los datos que ha publicado o hecho visible en su perfil, as\u00ed como cualesquiera otros datos que seas posible compartir bajo las pol\u00edticas de las propias plataformas de las Redes Sociales.<\/p>\n<p align=\"justify\"><strong>\u00bfC\u00f3mo protegemos tu informaci\u00f3n?<\/strong><\/p>\n<p align=\"justify\">La Empresa, como Responsable de Tratamiento, seg\u00fan lo dispuesto en el Reglamento (UE) 2016\/679 de Protecci\u00f3n de Datos y en la Ley Org\u00e1nica 3\/2018, de 5 de diciembre de protecci\u00f3n de Datos y Garant\u00edas de Derechos Digitales, ha implantado medias t\u00e9cnicas y organizativas que son necesarias para garantizar la confidencialidad de los datos de los usuarios. Se pretende evitar cualquier tipo de p\u00e9rdida, alteraci\u00f3n, revelaci\u00f3n o acceso no autorizado que d\u00e9 lugar a una brecha o violaci\u00f3n de seguridad.<\/p>\n<p align=\"justify\"><strong>Derechos de los usuarios en materia de privacidad<\/strong><\/p>\n<p align=\"justify\">De conformidad con lo dispuesto en la normativa aplicable en materia de protecci\u00f3n de datos, la Empresa garantiza a los usuarios poder ejercitar los derechos de acceso a sus datos personales, rectificaci\u00f3n, supresi\u00f3n (derecho al olvido), limitaci\u00f3n de tratamiento, oposici\u00f3n, portabilidad, derecho a no ser objeto de decisiones individuales automatizadas, as\u00ed como la revocaci\u00f3n del consentimiento prestado. Para ello podr\u00e1 enviar un correo electr\u00f3nico al Responsable, o en su caso, al Delegado de Protecci\u00f3n de Datos a, contacto@casadelaalquimiaaliksir.com. Adem\u00e1s, el interesado puede dirigirse a la Autoridad de Control en materia de Protecci\u00f3n de Datos competente para obtener informaci\u00f3n adicional o presentar una reclamaci\u00f3n.<\/p>\n<p align=\"justify\">Si el usuario no quiere utilizar en el futuro los servicios ofertados o promocionados por la empresa ni desea recibir comunicaciones publicitarias, puede proceder a darse de baja a trav\u00e9s de los mecanismos que se ponen a su disposici\u00f3n en las distintas p\u00e1ginas, perfiles y sitios web oficiales, desinstalar o darse de baja en nuestras aplicaciones o grupos oficiales, as\u00ed como configurar la privacidad de su cuenta para evitar el acceso a su informaci\u00f3n. Una vez que el usuario proceda a establecer dicha configuraci\u00f3n de baja, la Empresa no tendr\u00e1 acceso a la informaci\u00f3n de su cuenta y sus datos ser\u00e1n suprimidos.<br \/>Si desea obtener m\u00e1s informaci\u00f3n, puede consultar nuestra pol\u00edtica de privacidad en el sitio web de la Empresa.<\/p>\n<p align=\"justify\"><strong>\u00bfC\u00f3mo se utiliza su informaci\u00f3n?<\/strong><\/p>\n<p align=\"justify\">En caso de que la Empresa habilite una plataforma de interacci\u00f3n o grupos con los seguidores de las redes sociales, \u00e9sta podr\u00e1 compartir la informaci\u00f3n del usuario con otras empresas que est\u00e9n directamente relacionadas y en los casos en los que sea necesario para administrar, gestionar y\/o mejorar los servicios ofrecidos a trav\u00e9s de nuestra p\u00e1gina web o plataformas oficiales, previa firma de un contrato que contemple la seguridad en relaci\u00f3n con el tratamiento de sus datos.\u00a0De la misma forma, la Empresa s\u00f3lo compartir\u00e1 su informaci\u00f3n previo requerimiento legal, para dar cumplimiento a lo exigido en las normativas que sean de aplicaci\u00f3n o si se solicitan por las autoridades competentes.<\/p>\n<p><strong>Contenidos y comentarios de seguidores y usuarios<\/strong>.<\/p>\n<p align=\"justify\">A continuaci\u00f3n, se se\u00f1alan algunas indicaciones para fomentar el buen uso de las comunicaciones y aportaciones que el usuario puede compartir en el sitio web o plataformas oficiales, mostrando nuestro agradecimiento por las aportaciones, menciones y\/o respuestas de los usuarios.<\/p>\n<ul>\n<li>\n<p align=\"justify\">La Empresa se abstendr\u00e1 de responder a cualquier comentario que implique el uso de un lenguaje obsceno, ataques personales a otros usuarios, comentarios despectivos o cuestiones que no se relacionen con la Empresa o cualquiera de sus productos, as\u00ed como a no actuar conforme a lo establecido en el Aviso Legal publicado en el sitio web.<\/p>\n<\/li>\n<li>\n<p align=\"justify\">El sitio web o plataformas oficiales de la Empresa incluyen enlaces a otros sitios web gestionados por terceros, con objeto de facilitar el acceso del usuario a la informaci\u00f3n de empresas colaboradoras y\/o patrocinadoras. Conforme con ello, la Empresa no se responsabiliza del contenido de dichos sitios web, ni se sit\u00faa en una posici\u00f3n de garante ni\/o de parte ofertante de los servicios y\/o informaci\u00f3n que se puedan ofrecer a trav\u00e9s de los enlaces de terceros.<\/p>\n<\/li>\n<li>\n<p align=\"justify\">La Empresa se reserva todos los derechos relacionados con sus p\u00e1ginas y plataformas oficiales incluyendo, aunque con car\u00e1cter ilimitado, las siguientes acciones: editar, modificar, a\u00f1adir, eliminar cualquier contenido o comentarios que act\u00faen en contra de los usos y la buena fe de los usuarios. Del mismo modo, la Empresa se reserva el derecho de eliminar o rechazar aquellas cuentas de usuarios que publiquen contenido o comentarios que act\u00faen en contra de nuestra pol\u00edtica de Redes Sociales y nuestras condiciones de Uso publicadas en el sitio web.<\/p>\n<\/li>\n<\/ul>\n<p align=\"justify\"><strong>Modificaciones en la Pol\u00edtica de Redes Sociales<\/strong><\/p>\n<p align=\"justify\">La Empresa se reserva el derecho de modificar en cualquier momento la presente Pol\u00edtica de Redes Sociales sin previo aviso.\u00a0 No obstante, la misma se encontrar\u00e1 en un sitio visible, libremente accesible para cuantas consultas estime oportuno realizar<\/p>\n<p>[\/et_pb_text][\/et_pb_column][\/et_pb_row][\/et_pb_section]<\/p>\n","protected":false},"excerpt":{"rendered":"<p>C\u00d3RDOBA SIGLO XII, SL (en adelante, la \u201cEmpresa\u201d). CIF: B14430086 Domicilio: C\/Judios, n\u00ba 12, N\u00ba 11, 14004 &#8211;\u00a0 (C\u00d3RDOBA). Email: contacto@casadelaquimiaaliksir.com, para comunicaciones en materia de Protecci\u00f3n de datos o aclaraciones relacionadas con la pol\u00edtica de Redes Sociales: . La Empresa, abogando por los nuevos canales de comunicaci\u00f3n en redes sociales como uno de los [&hellip;]<\/p>\n","protected":false},"author":2,"featured_media":0,"parent":0,"menu_order":0,"comment_status":"closed","ping_status":"closed","template":"","meta":{"_et_pb_use_builder":"on","_et_pb_old_content":"","_et_gb_content_width":"","footnotes":""},"class_list":["post-144","page","type-page","status-publish","hentry"],"_links":{"self":[{"href":"https:\/\/casadelaalquimiaaliksir.com\/index.php\/wp-json\/wp\/v2\/pages\/144","targetHints":{"allow":["GET"]}}],"collection":[{"href":"https:\/\/casadelaalquimiaaliksir.com\/index.php\/wp-json\/wp\/v2\/pages"}],"about":[{"href":"https:\/\/casadelaalquimiaaliksir.com\/index.php\/wp-json\/wp\/v2\/types\/page"}],"author":[{"embeddable":true,"href":"https:\/\/casadelaalquimiaaliksir.com\/index.php\/wp-json\/wp\/v2\/users\/2"}],"replies":[{"embeddable":true,"href":"https:\/\/casadelaalquimiaaliksir.com\/index.php\/wp-json\/wp\/v2\/comments?post=144"}],"version-history":[{"count":3,"href":"https:\/\/casadelaalquimiaaliksir.com\/index.php\/wp-json\/wp\/v2\/pages\/144\/revisions"}],"predecessor-version":[{"id":148,"href":"https:\/\/casadelaalquimiaaliksir.com\/index.php\/wp-json\/wp\/v2\/pages\/144\/revisions\/148"}],"wp:attachment":[{"href":"https:\/\/casadelaalquimiaaliksir.com\/index.php\/wp-json\/wp\/v2\/media?parent=144"}],"curies":[{"name":"wp","href":"https:\/\/api.w.org\/{rel}","templated":true}]}}