{"id":65,"date":"2024-03-26T18:24:15","date_gmt":"2024-03-26T17:24:15","guid":{"rendered":"https:\/\/casadelaalquimiaaliksir.com\/?page_id=65"},"modified":"2024-07-24T13:12:14","modified_gmt":"2024-07-24T11:12:14","slug":"cursos","status":"publish","type":"page","link":"https:\/\/casadelaalquimiaaliksir.com\/index.php\/cursos\/","title":{"rendered":"Cursos"},"content":{"rendered":"<p>[et_pb_section fb_built=\u00bb1&#8243; _builder_version=\u00bb4.24.2&#8243; _module_preset=\u00bbdefault\u00bb background_image=\u00bbhttp:\/\/casadelaalquimiaaliksir.com\/wp-content\/uploads\/2024\/03\/pattern-sepia-1.png\u00bb custom_padding=\u00bb||28px|||\u00bb global_colors_info=\u00bb{}\u00bb][\/et_pb_section][et_pb_section fb_built=\u00bb1&#8243; _builder_version=\u00bb4.27.0&#8243; _module_preset=\u00bbdefault\u00bb global_colors_info=\u00bb{}\u00bb][et_pb_row _builder_version=\u00bb4.24.2&#8243; _module_preset=\u00bbdefault\u00bb global_colors_info=\u00bb{}\u00bb][et_pb_column type=\u00bb4_4&#8243; _builder_version=\u00bb4.24.2&#8243; _module_preset=\u00bbdefault\u00bb global_colors_info=\u00bb{}\u00bb][et_pb_image src=\u00bbhttp:\/\/casadelaalquimiaaliksir.com\/wp-content\/uploads\/2024\/03\/escuela_logo-1.jpg\u00bb title_text=\u00bbescuela_logo\u00bb align=\u00bbcenter\u00bb _builder_version=\u00bb4.24.2&#8243; _module_preset=\u00bbdefault\u00bb width=\u00bb40.4%\u00bb global_colors_info=\u00bb{}\u00bb][\/et_pb_image][et_pb_divider color=\u00bb#cecece\u00bb _builder_version=\u00bb4.24.2&#8243; _module_preset=\u00bbdefault\u00bb global_colors_info=\u00bb{}\u00bb][\/et_pb_divider][\/et_pb_column][\/et_pb_row][et_pb_row _builder_version=\u00bb4.24.2&#8243; _module_preset=\u00bbdefault\u00bb box_shadow_style=\u00bbpreset6&#8243; global_colors_info=\u00bb{}\u00bb][et_pb_column type=\u00bb4_4&#8243; _builder_version=\u00bb4.24.2&#8243; _module_preset=\u00bbdefault\u00bb global_colors_info=\u00bb{}\u00bb][et_pb_text _builder_version=\u00bb4.27.0&#8243; _module_preset=\u00bbdefault\u00bb text_text_color=\u00bb#c40909&#8243; text_font_size=\u00bb16px\u00bb header_font=\u00bb|600|||||||\u00bb header_text_color=\u00bb#8e5607&#8243; text_orientation=\u00bbcenter\u00bb custom_padding=\u00bb|20px||20px|false|true\u00bb global_colors_info=\u00bb{}\u00bb]<\/p>\n<h4><strong><em>La Casa de la Alquimia abre sus puertas a la divulgaci\u00f3n ofreciendo talleres y cursos para todas las edades<\/em><\/strong><\/h4>\n<p>[\/et_pb_text][\/et_pb_column][\/et_pb_row][\/et_pb_section][et_pb_section fb_built=\u00bb1&#8243; _builder_version=\u00bb4.27.0&#8243; _module_preset=\u00bbdefault\u00bb background_color=\u00bb#F9F1D9&#8243; global_colors_info=\u00bb{}\u00bb][et_pb_row _builder_version=\u00bb4.27.0&#8243; _module_preset=\u00bbdefault\u00bb global_colors_info=\u00bb{}\u00bb][et_pb_column type=\u00bb4_4&#8243; _builder_version=\u00bb4.27.0&#8243; _module_preset=\u00bbdefault\u00bb global_colors_info=\u00bb{}\u00bb][et_pb_text _builder_version=\u00bb4.27.0&#8243; _module_preset=\u00bbdefault\u00bb text_font_size=\u00bb16px\u00bb global_colors_info=\u00bb{}\u00bb]<\/p>\n<h1 style=\"text-align: center;\">CURSOS<\/h1>\n<p>[\/et_pb_text][\/et_pb_column][\/et_pb_row][et_pb_row column_structure=\u00bb1_3,2_3&#8243; _builder_version=\u00bb4.27.0&#8243; _module_preset=\u00bbdefault\u00bb global_colors_info=\u00bb{}\u00bb][et_pb_column type=\u00bb1_3&#8243; _builder_version=\u00bb4.24.2&#8243; _module_preset=\u00bbdefault\u00bb global_colors_info=\u00bb{}\u00bb][et_pb_text _builder_version=\u00bb4.27.0&#8243; _module_preset=\u00bbdefault\u00bb text_font_size=\u00bb20px\u00bb global_colors_info=\u00bb{}\u00bb]<\/p>\n<h2 style=\"text-align: left;\"><span>Escuela Andalus\u00ed de Espagiria y Te\u00fargia<\/span><\/h2>\n<p style=\"text-align: left;\"><span>Nuestra oferta formativa abarca desde la observaci\u00f3n de las estrellas, los ritmos de la Naturaleza, el reconocimiento de plantas, la creaci\u00f3n de tinturas hasta la formaci\u00f3n m\u00e1s espec\u00edfica para terapeutas.<\/span><\/p>\n<p>[\/et_pb_text][et_pb_text _builder_version=\u00bb4.27.0&#8243; _module_preset=\u00bbdefault\u00bb text_text_color=\u00bb#040404&#8243; text_font_size=\u00bb16px\u00bb link_font=\u00bb||||on||||\u00bb global_colors_info=\u00bb{}\u00bb]<\/p>\n<div class=\"sppb-col-md-6  \" id=\"column-wrap-id-1586887878022\">\n<div id=\"column-id-1586887878022\" class=\"sppb-column  sppb-wow fadeInRight sppb-animated\" data-sppb-wow-duration=\"3600ms\">\n<div class=\"sppb-column-addons\">\n<div id=\"sppb-addon-wrapper-1586887878026\" class=\"sppb-addon-wrapper  addon-root-text-block\">\n<div id=\"sppb-addon-1586887878026\" class=\"clearfix  \">\n<div class=\"sppb-addon sppb-addon-text-block \">\n<div class=\"sppb-addon-content\">\n<h3 style=\"text-align: left;\">CONTACTO PARA INFORMACI\u00d3N<\/h3>\n<p style=\"text-align: left;\"><span style=\"text-decoration: underline;\"><b>Cursos y talleres:<\/b><\/span><\/p>\n<p style=\"text-align: left;\">Contactar con Sol<br \/><a href=\"mailto:contacto@casadelaalquimiaaliksir.com\">contacto@casadelaalquimiaaliksir.com<\/a><\/p>\n<p style=\"text-align: left;\">Tel\u00e9fono: (+34) 957890598<\/p>\n<\/div>\n<\/div>\n<\/div>\n<\/div>\n<\/div>\n<\/div>\n<\/div>\n<p>[\/et_pb_text][et_pb_divider color=\u00bb#cecece\u00bb _builder_version=\u00bb4.24.2&#8243; _module_preset=\u00bbdefault\u00bb global_colors_info=\u00bb{}\u00bb][\/et_pb_divider][\/et_pb_column][et_pb_column type=\u00bb2_3&#8243; _builder_version=\u00bb4.24.2&#8243; _module_preset=\u00bbdefault\u00bb global_colors_info=\u00bb{}\u00bb][et_pb_image src=\u00bbhttps:\/\/casadelaalquimiaaliksir.com\/wp-content\/uploads\/2024\/03\/Abu_Omar_Yabir.jpg\u00bb title_text=\u00bbAbu_Omar_Yabir\u00bb align=\u00bbcenter\u00bb _builder_version=\u00bb4.27.0&#8243; _module_preset=\u00bbdefault\u00bb global_colors_info=\u00bb{}\u00bb][\/et_pb_image][\/et_pb_column][\/et_pb_row][\/et_pb_section][et_pb_section fb_built=\u00bb1&#8243; _builder_version=\u00bb4.27.0&#8243; _module_preset=\u00bbdefault\u00bb global_colors_info=\u00bb{}\u00bb][et_pb_row _builder_version=\u00bb4.24.2&#8243; _module_preset=\u00bbdefault\u00bb global_colors_info=\u00bb{}\u00bb][et_pb_column type=\u00bb4_4&#8243; _builder_version=\u00bb4.24.2&#8243; _module_preset=\u00bbdefault\u00bb global_colors_info=\u00bb{}\u00bb][et_pb_divider color=\u00bb#cecece\u00bb _builder_version=\u00bb4.24.2&#8243; _module_preset=\u00bbdefault\u00bb global_colors_info=\u00bb{}\u00bb][\/et_pb_divider][et_pb_text _builder_version=\u00bb4.27.0&#8243; _module_preset=\u00bbdefault\u00bb text_font_size=\u00bb16px\u00bb global_colors_info=\u00bb{}\u00bb]<\/p>\n<h2 style=\"text-align: center;\"><b>Formaci\u00f3n Profesional de Espagiria<\/b><\/h2>\n<p>[\/et_pb_text][et_pb_button button_url=\u00bbhttps:\/\/casadelaalquimiaaliksir.com\/index.php\/cursos\/formacion-profesional-acreditada-de-espagiria\/\u00bb button_text=\u00bbM\u00e1s Info\u00bb button_alignment=\u00bbcenter\u00bb _builder_version=\u00bb4.27.0&#8243; _module_preset=\u00bbdefault\u00bb custom_button=\u00bbon\u00bb button_text_color=\u00bb#a55703&#8243; global_colors_info=\u00bb{}\u00bb][\/et_pb_button][\/et_pb_column][\/et_pb_row][\/et_pb_section][et_pb_section fb_built=\u00bb1&#8243; _builder_version=\u00bb4.27.0&#8243; _module_preset=\u00bbdefault\u00bb background_color=\u00bb#F9F1D9&#8243; global_colors_info=\u00bb{}\u00bb][et_pb_row _builder_version=\u00bb4.24.2&#8243; _module_preset=\u00bbdefault\u00bb global_colors_info=\u00bb{}\u00bb][et_pb_column type=\u00bb4_4&#8243; _builder_version=\u00bb4.24.2&#8243; _module_preset=\u00bbdefault\u00bb global_colors_info=\u00bb{}\u00bb][et_pb_text _builder_version=\u00bb4.27.0&#8243; _module_preset=\u00bbdefault\u00bb text_font_size=\u00bb16px\u00bb global_colors_info=\u00bb{}\u00bb]<\/p>\n<h1 style=\"text-align: center;\">TALLERES<\/h1>\n<p>[\/et_pb_text][\/et_pb_column][\/et_pb_row][et_pb_row column_structure=\u00bb1_3,2_3&#8243; _builder_version=\u00bb4.27.0&#8243; _module_preset=\u00bbdefault\u00bb global_colors_info=\u00bb{}\u00bb][et_pb_column type=\u00bb1_3&#8243; _builder_version=\u00bb4.24.2&#8243; _module_preset=\u00bbdefault\u00bb global_colors_info=\u00bb{}\u00bb][et_pb_text _builder_version=\u00bb4.27.0&#8243; _module_preset=\u00bbdefault\u00bb text_font_size=\u00bb20px\u00bb hover_enabled=\u00bb0&#8243; global_colors_info=\u00bb{}\u00bb sticky_enabled=\u00bb0&#8243;]<\/p>\n<h2 style=\"text-align: left;\"><span>Nuestro Talleres<\/span><\/h2>\n<p style=\"text-align: left;\"><span>Nuestra oferta formativa en talleres abarca un amplio abanico de temas interesantes.<\/span><\/p>\n<p>[\/et_pb_text][et_pb_text _builder_version=\u00bb4.27.0&#8243; _module_preset=\u00bbdefault\u00bb text_text_color=\u00bb#040404&#8243; text_font_size=\u00bb16px\u00bb link_font=\u00bb||||on||||\u00bb global_colors_info=\u00bb{}\u00bb]<\/p>\n<div class=\"sppb-col-md-6  \" id=\"column-wrap-id-1586887878022\">\n<div id=\"column-id-1586887878022\" class=\"sppb-column  sppb-wow fadeInRight sppb-animated\" data-sppb-wow-duration=\"3600ms\">\n<div class=\"sppb-column-addons\">\n<div id=\"sppb-addon-wrapper-1586887878026\" class=\"sppb-addon-wrapper  addon-root-text-block\">\n<div id=\"sppb-addon-1586887878026\" class=\"clearfix  \">\n<div class=\"sppb-addon sppb-addon-text-block \">\n<div class=\"sppb-addon-content\">\n<h3 style=\"text-align: left;\">CONTACTO PARA INFORMACI\u00d3N<\/h3>\n<p style=\"text-align: left;\"><span style=\"text-decoration: underline;\"><b>Cursos y talleres:<\/b><\/span><\/p>\n<p style=\"text-align: left;\">Contactar con Sol<br \/><a href=\"mailto:contacto@casadelaalquimiaaliksir.com\">contacto@casadelaalquimiaaliksir.com<\/a><\/p>\n<p style=\"text-align: left;\">Tel\u00e9fono: (+34) 957890598<\/p>\n<\/div>\n<\/div>\n<\/div>\n<\/div>\n<\/div>\n<\/div>\n<\/div>\n<p>[\/et_pb_text][et_pb_divider color=\u00bb#cecece\u00bb _builder_version=\u00bb4.24.2&#8243; _module_preset=\u00bbdefault\u00bb global_colors_info=\u00bb{}\u00bb][\/et_pb_divider][\/et_pb_column][et_pb_column type=\u00bb2_3&#8243; _builder_version=\u00bb4.24.2&#8243; _module_preset=\u00bbdefault\u00bb global_colors_info=\u00bb{}\u00bb][et_pb_image src=\u00bbhttp:\/\/casadelaalquimiaaliksir.com\/wp-content\/uploads\/2024\/03\/Miriam-Hebrea-1.jpg\u00bb title_text=\u00bbMiriam-Hebrea\u00bb align=\u00bbcenter\u00bb _builder_version=\u00bb4.24.2&#8243; _module_preset=\u00bbdefault\u00bb global_colors_info=\u00bb{}\u00bb][\/et_pb_image][\/et_pb_column][\/et_pb_row][\/et_pb_section][et_pb_section fb_built=\u00bb1&#8243; _builder_version=\u00bb4.27.0&#8243; _module_preset=\u00bbdefault\u00bb background_color=\u00bb#F9F1D9&#8243; global_colors_info=\u00bb{}\u00bb][et_pb_row _builder_version=\u00bb4.24.2&#8243; _module_preset=\u00bbdefault\u00bb global_colors_info=\u00bb{}\u00bb][et_pb_column type=\u00bb4_4&#8243; _builder_version=\u00bb4.24.2&#8243; _module_preset=\u00bbdefault\u00bb global_colors_info=\u00bb{}\u00bb][et_pb_divider color=\u00bb#cecece\u00bb _builder_version=\u00bb4.24.2&#8243; _module_preset=\u00bbdefault\u00bb global_colors_info=\u00bb{}\u00bb][\/et_pb_divider][et_pb_text _builder_version=\u00bb4.27.0&#8243; _module_preset=\u00bbdefault\u00bb text_font_size=\u00bb16px\u00bb global_colors_info=\u00bb{}\u00bb]<\/p>\n<p style=\"text-align: center;\"><strong>LABORATORIO AVANZADO (PRIMUM ENS O QUINTAESENCIAS)<\/strong><\/p>\n<p style=\"text-align: center;\"><b>(Impartido por Pedro Serrano Torres)<\/b><\/p>\n<p>[\/et_pb_text][\/et_pb_column][\/et_pb_row][\/et_pb_section][et_pb_section fb_built=\u00bb1&#8243; _builder_version=\u00bb4.27.0&#8243; _module_preset=\u00bbdefault\u00bb background_color=\u00bb#FFFFFF\u00bb global_colors_info=\u00bb{}\u00bb][et_pb_row _builder_version=\u00bb4.24.2&#8243; _module_preset=\u00bbdefault\u00bb global_colors_info=\u00bb{}\u00bb][et_pb_column type=\u00bb4_4&#8243; _builder_version=\u00bb4.24.2&#8243; _module_preset=\u00bbdefault\u00bb global_colors_info=\u00bb{}\u00bb][et_pb_divider color=\u00bb#cecece\u00bb _builder_version=\u00bb4.24.2&#8243; _module_preset=\u00bbdefault\u00bb global_colors_info=\u00bb{}\u00bb][\/et_pb_divider][et_pb_text _builder_version=\u00bb4.27.0&#8243; _module_preset=\u00bbdefault\u00bb text_font_size=\u00bb16px\u00bb global_colors_info=\u00bb{}\u00bb]<\/p>\n<div id=\"sppb-addon-wrapper-1583834908589\" class=\"sppb-addon-wrapper  addon-root-text-block\">\n<div id=\"sppb-addon-1583834908589\" class=\"clearfix  \">\n<div class=\"sppb-addon sppb-addon-text-block \">\n<div class=\"sppb-addon-content\">\n<p style=\"text-align: center;\"><b>CURSO DE FORMULACI\u00d3N EN BOTICA ANDALUS\u00cd DE COSM\u00c9TICA NATURAL\u00a0<\/b><\/p>\n<p style=\"text-align: center;\"><b>(Impartido por <\/b><strong>Adoraci\u00f3n P\u00e9rez Alfaro<\/strong><b>)<\/b><\/p>\n<\/div>\n<\/div>\n<\/div>\n<\/div>\n<p>[\/et_pb_text][et_pb_button button_url=\u00bbhttps:\/\/casadelaalquimiaaliksir.com\/index.php\/cursos\/curso-de-formulacion-en-botica-andalusi-de-cosmetica-natural\/?et_fb=1&#038;PageSpeed=off\u00bb button_text=\u00bbM\u00e1s Info\u00bb button_alignment=\u00bbcenter\u00bb _builder_version=\u00bb4.27.0&#8243; _module_preset=\u00bbdefault\u00bb custom_button=\u00bbon\u00bb button_text_color=\u00bb#a55703&#8243; global_colors_info=\u00bb{}\u00bb][\/et_pb_button][et_pb_divider color=\u00bb#cecece\u00bb _builder_version=\u00bb4.24.2&#8243; _module_preset=\u00bbdefault\u00bb global_colors_info=\u00bb{}\u00bb][\/et_pb_divider][\/et_pb_column][\/et_pb_row][\/et_pb_section][et_pb_section fb_built=\u00bb1&#8243; _builder_version=\u00bb4.27.0&#8243; _module_preset=\u00bbdefault\u00bb hover_enabled=\u00bb0&#8243; global_colors_info=\u00bb{}\u00bb background_color=\u00bb#F9F1D9&#8243; sticky_enabled=\u00bb0&#8243;][et_pb_row _builder_version=\u00bb4.24.2&#8243; _module_preset=\u00bbdefault\u00bb global_colors_info=\u00bb{}\u00bb][et_pb_column type=\u00bb4_4&#8243; _builder_version=\u00bb4.24.2&#8243; _module_preset=\u00bbdefault\u00bb global_colors_info=\u00bb{}\u00bb][et_pb_divider color=\u00bb#cecece\u00bb _builder_version=\u00bb4.24.2&#8243; _module_preset=\u00bbdefault\u00bb global_colors_info=\u00bb{}\u00bb][\/et_pb_divider][et_pb_text _builder_version=\u00bb4.24.2&#8243; _module_preset=\u00bbdefault\u00bb text_font_size=\u00bb16px\u00bb global_colors_info=\u00bb{}\u00bb]<\/p>\n<p style=\"text-align: center;\"><b>CURSO DE RECONOCIMIENTO DE PLANTAS MEDICINALES: INTRODUCCI\u00d3N, SIGNATURIZACI\u00d3N. LABORATORIO: LAS MACERACIONES.<\/b><\/p>\n<p style=\"text-align: center;\"><b>(Impartido por Pedro Serrano Torres)<\/b><\/p>\n<p>[\/et_pb_text][\/et_pb_column][\/et_pb_row][\/et_pb_section][et_pb_section fb_built=\u00bb1&#8243; _builder_version=\u00bb4.27.0&#8243; _module_preset=\u00bbdefault\u00bb background_color=\u00bb#FFFFFF\u00bb hover_enabled=\u00bb0&#8243; global_colors_info=\u00bb{}\u00bb sticky_enabled=\u00bb0&#8243;][et_pb_row _builder_version=\u00bb4.24.2&#8243; _module_preset=\u00bbdefault\u00bb global_colors_info=\u00bb{}\u00bb][et_pb_column type=\u00bb4_4&#8243; _builder_version=\u00bb4.24.2&#8243; _module_preset=\u00bbdefault\u00bb global_colors_info=\u00bb{}\u00bb][et_pb_divider color=\u00bb#cecece\u00bb _builder_version=\u00bb4.24.2&#8243; _module_preset=\u00bbdefault\u00bb global_colors_info=\u00bb{}\u00bb][\/et_pb_divider][et_pb_text _builder_version=\u00bb4.24.2&#8243; _module_preset=\u00bbdefault\u00bb text_font_size=\u00bb16px\u00bb global_colors_info=\u00bb{}\u00bb]<\/p>\n<p style=\"text-align: center;\"><b>LABORATORIO VEGETAL Y TINTURAS DE PLANTAS<\/b><\/p>\n<p style=\"text-align: center;\"><b>(Impartido por Pedro Serrano Torres)<\/b><\/p>\n<p>[\/et_pb_text][et_pb_button button_url=\u00bbhttps:\/\/casadelaalquimiaaliksir.com\/index.php\/cursos\/curso-laboratorio-vegetal-y-tintura-de-plantas\/?et_fb=1&#038;PageSpeed=off\u00bb button_text=\u00bbM\u00e1s Info\u00bb button_alignment=\u00bbcenter\u00bb _builder_version=\u00bb4.27.0&#8243; _module_preset=\u00bbdefault\u00bb custom_button=\u00bbon\u00bb button_text_color=\u00bb#a55703&#8243; global_colors_info=\u00bb{}\u00bb][\/et_pb_button][\/et_pb_column][\/et_pb_row][\/et_pb_section]<\/p>\n","protected":false},"excerpt":{"rendered":"<p>La Casa de la Alquimia abre sus puertas a la divulgaci\u00f3n ofreciendo talleres y cursos para todas las edadesCURSOSEscuela Andalus\u00ed de Espagiria y Te\u00fargia Nuestra oferta formativa abarca desde la observaci\u00f3n de las estrellas, los ritmos de la Naturaleza, el reconocimiento de plantas, la creaci\u00f3n de tinturas hasta la formaci\u00f3n m\u00e1s espec\u00edfica para terapeutas. CONTACTO [&hellip;]<\/p>\n","protected":false},"author":2,"featured_media":0,"parent":0,"menu_order":0,"comment_status":"closed","ping_status":"closed","template":"","meta":{"_et_pb_use_builder":"on","_et_pb_old_content":"","_et_gb_content_width":"","footnotes":""},"class_list":["post-65","page","type-page","status-publish","hentry"],"_links":{"self":[{"href":"https:\/\/casadelaalquimiaaliksir.com\/index.php\/wp-json\/wp\/v2\/pages\/65","targetHints":{"allow":["GET"]}}],"collection":[{"href":"https:\/\/casadelaalquimiaaliksir.com\/index.php\/wp-json\/wp\/v2\/pages"}],"about":[{"href":"https:\/\/casadelaalquimiaaliksir.com\/index.php\/wp-json\/wp\/v2\/types\/page"}],"author":[{"embeddable":true,"href":"https:\/\/casadelaalquimiaaliksir.com\/index.php\/wp-json\/wp\/v2\/users\/2"}],"replies":[{"embeddable":true,"href":"https:\/\/casadelaalquimiaaliksir.com\/index.php\/wp-json\/wp\/v2\/comments?post=65"}],"version-history":[{"count":13,"href":"https:\/\/casadelaalquimiaaliksir.com\/index.php\/wp-json\/wp\/v2\/pages\/65\/revisions"}],"predecessor-version":[{"id":475,"href":"https:\/\/casadelaalquimiaaliksir.com\/index.php\/wp-json\/wp\/v2\/pages\/65\/revisions\/475"}],"wp:attachment":[{"href":"https:\/\/casadelaalquimiaaliksir.com\/index.php\/wp-json\/wp\/v2\/media?parent=65"}],"curies":[{"name":"wp","href":"https:\/\/api.w.org\/{rel}","templated":true}]}}