{"id":71,"date":"2024-03-26T18:25:19","date_gmt":"2024-03-26T17:25:19","guid":{"rendered":"https:\/\/casadelaalquimiaaliksir.com\/?page_id=71"},"modified":"2024-07-24T13:13:53","modified_gmt":"2024-07-24T11:13:53","slug":"formacion-profesional-acreditada-de-espagiria","status":"publish","type":"page","link":"https:\/\/casadelaalquimiaaliksir.com\/index.php\/cursos\/formacion-profesional-acreditada-de-espagiria\/","title":{"rendered":"Formaci\u00f3n de Espagiria Andalus\u00ed"},"content":{"rendered":"<p>[et_pb_section fb_built=\u00bb1&#8243; _builder_version=\u00bb4.24.2&#8243; _module_preset=\u00bbdefault\u00bb background_image=\u00bbhttp:\/\/casadelaalquimiaaliksir.com\/wp-content\/uploads\/2024\/03\/pattern-sepia-1.png\u00bb custom_padding=\u00bb||28px|||\u00bb global_colors_info=\u00bb{}\u00bb][\/et_pb_section][et_pb_section fb_built=\u00bb1&#8243; _builder_version=\u00bb4.24.2&#8243; _module_preset=\u00bbdefault\u00bb global_colors_info=\u00bb{}\u00bb][et_pb_row _builder_version=\u00bb4.24.2&#8243; _module_preset=\u00bbdefault\u00bb global_colors_info=\u00bb{}\u00bb][et_pb_column type=\u00bb4_4&#8243; _builder_version=\u00bb4.24.2&#8243; _module_preset=\u00bbdefault\u00bb global_colors_info=\u00bb{}\u00bb][et_pb_text _builder_version=\u00bb4.27.0&#8243; _module_preset=\u00bbdefault\u00bb header_font=\u00bb|600|||||||\u00bb header_text_color=\u00bb#8e5607&#8243; global_colors_info=\u00bb{}\u00bb]<\/p>\n<h1 style=\"text-align: center;\"><em>Formaci\u00f3n Profesional de Espagiria<\/em><\/h1>\n<p>[\/et_pb_text][\/et_pb_column][\/et_pb_row][et_pb_row disabled_on=\u00bbon|on|on\u00bb _builder_version=\u00bb4.27.0&#8243; _module_preset=\u00bbdefault\u00bb box_shadow_style=\u00bbpreset6&#8243; disabled=\u00bbon\u00bb global_colors_info=\u00bb{}\u00bb][et_pb_column type=\u00bb4_4&#8243; _builder_version=\u00bb4.24.2&#8243; _module_preset=\u00bbdefault\u00bb global_colors_info=\u00bb{}\u00bb][et_pb_text _builder_version=\u00bb4.27.0&#8243; _module_preset=\u00bbdefault\u00bb text_text_color=\u00bb#c40909&#8243; text_font_size=\u00bb16px\u00bb header_font=\u00bb|600|||||||\u00bb header_text_color=\u00bb#8e5607&#8243; text_orientation=\u00bbcenter\u00bb custom_padding=\u00bb|20px||20px|false|true\u00bb global_colors_info=\u00bb{}\u00bb]<\/p>\n<p><span><em>Impartido por &#8230;<\/em><\/span><\/p>\n<p>[\/et_pb_text][\/et_pb_column][\/et_pb_row][et_pb_row _builder_version=\u00bb4.24.2&#8243; _module_preset=\u00bbdefault\u00bb global_colors_info=\u00bb{}\u00bb][et_pb_column type=\u00bb4_4&#8243; _builder_version=\u00bb4.24.2&#8243; _module_preset=\u00bbdefault\u00bb global_colors_info=\u00bb{}\u00bb][et_pb_text _builder_version=\u00bb4.24.2&#8243; _module_preset=\u00bbdefault\u00bb text_font_size=\u00bb16px\u00bb global_colors_info=\u00bb{}\u00bb]<\/p>\n<p align=\"justify\"><span class='et-dropcap'>E<\/span>l Objetivo del curso es formar en las bases cl\u00e1sicas de la espag\u00edria andalus\u00ed a toda persona interesada en estos conocimientos ancestrales.<\/p>\n<p align=\"justify\">\n<p align=\"justify\"><strong>Contenidos te\u00f3ricos:<\/strong><\/p>\n<ul>\n<li>\n<p align=\"justify\">M\u00f3dulo 1: La Alquimia, la Espagiria y su relaci\u00f3n. Historia de la Espagiria y el Linaje Alqu\u00edmico.<\/p>\n<\/li>\n<li>\n<p align=\"justify\">M\u00f3dulo 2: El Conocimiento de la Naturaleza de las Cosas: Cosmog\u00e9nesis, Antropog\u00e9nesis, Somatos\u00edntesis, Ley de las Signaturas.<\/p>\n<\/li>\n<li>\n<p align=\"justify\">M\u00f3dulo 3: El laboratorio alqu\u00edmico-espag\u00edrico: Recogida y destilaci\u00f3n del Roc\u00edo de Mayo. Elaboraci\u00f3n de una tintura madre vegetal espag\u00edrica. Los Glom\u00e9rulos Solados o la protohomeopat\u00eda andalus\u00ed.<\/p>\n<\/li>\n<li>\n<p align=\"justify\">M\u00f3dulo 4: La salud y la enfermedad en la Espigaria: La comprensi\u00f3n de la visi\u00f3n espag\u00edrica opuesta a la visi\u00f3n alop\u00e1tica de la medicina oficial.<\/p>\n<\/li>\n<li>\n<p align=\"justify\">M\u00f3dulo 5: Patolog\u00eda y terap\u00e9utica espag\u00edrica: generales, sist\u00e9micas y org\u00e1nicas dentro de la visi\u00f3n somatosint\u00e9tica (sinergia psique, energ\u00eda vital y bioqu\u00edmica corporal) y de la visi\u00f3n salud-enfermedad espag\u00edrica.<\/p>\n<\/li>\n<\/ul>\n<p><strong>Contenidos pr\u00e1cticos:\u00a0<\/strong><strong><\/strong><\/p>\n<p>Laboratorio (generaci\u00f3n de S.Vini, tinturas y magisterios)<strong><\/strong><\/p>\n<p><strong><\/strong><\/p>\n<p>[\/et_pb_text][et_pb_text _builder_version=\u00bb4.24.2&#8243; _module_preset=\u00bbdefault\u00bb text_font_size=\u00bb16px\u00bb global_colors_info=\u00bb{}\u00bb]<\/p>\n<p align=\"justify\"><span class='et-dropcap'>F<\/span><b>echas:<\/b><\/p>\n<p align=\"justify\">Por determinar<\/p>\n<p>[\/et_pb_text][et_pb_divider color=\u00bb#cecece\u00bb _builder_version=\u00bb4.24.2&#8243; _module_preset=\u00bbdefault\u00bb global_colors_info=\u00bb{}\u00bb][\/et_pb_divider][et_pb_text _builder_version=\u00bb4.27.0&#8243; _module_preset=\u00bbdefault\u00bb text_font_size=\u00bb16px\u00bb hover_enabled=\u00bb0&#8243; global_colors_info=\u00bb{}\u00bb link_font=\u00bb||||on||||\u00bb sticky_enabled=\u00bb0&#8243;]<\/p>\n<div id=\"sppb-addon-wrapper-1583834908515\" class=\"sppb-addon-wrapper  addon-root-text-block\">\n<div id=\"sppb-addon-1583834908515\" class=\"clearfix  \">\n<div class=\"sppb-addon sppb-addon-text-block \">\n<div class=\"sppb-addon-content\">\n<p style=\"text-align: center;\"><b>Informaci\u00f3n y Reserva:<\/b> <a href=\"mailto:contacto@casadelaalquimiaaliksir.com\">contacto@casadelaalquimiaaliksir.com<\/a> y tlf.: 957890598<\/p>\n<\/div>\n<\/div>\n<\/div>\n<\/div>\n<div id=\"sppb-addon-wrapper-1583834908519\" class=\"sppb-addon-wrapper  addon-root-divider\">\n<div id=\"sppb-addon-1583834908519\" class=\"clearfix  \">\n<div class=\"sppb-addon-divider-wrap divider-position\">\n<div class=\"sppb-divider sppb-divider-border \"><\/div>\n<\/div>\n<\/div>\n<\/div>\n<p>[\/et_pb_text][\/et_pb_column][\/et_pb_row][\/et_pb_section]<\/p>\n","protected":false},"excerpt":{"rendered":"<p>Formaci\u00f3n Profesional de EspagiriaImpartido por &#8230;<span class='et-dropcap'>E<\/span>l Objetivo del curso es formar en las bases cl\u00e1sicas de la espag\u00edria andalus\u00ed a toda persona interesada en estos conocimientos ancestrales. Contenidos te\u00f3ricos: M\u00f3dulo 1: La Alquimia, la Espagiria y su relaci\u00f3n. Historia de la Espagiria y el Linaje Alqu\u00edmico. M\u00f3dulo 2: El Conocimiento de la Naturaleza de las [&hellip;]<\/p>\n","protected":false},"author":2,"featured_media":0,"parent":65,"menu_order":0,"comment_status":"closed","ping_status":"closed","template":"","meta":{"_et_pb_use_builder":"on","_et_pb_old_content":"","_et_gb_content_width":"","footnotes":""},"class_list":["post-71","page","type-page","status-publish","hentry"],"_links":{"self":[{"href":"https:\/\/casadelaalquimiaaliksir.com\/index.php\/wp-json\/wp\/v2\/pages\/71","targetHints":{"allow":["GET"]}}],"collection":[{"href":"https:\/\/casadelaalquimiaaliksir.com\/index.php\/wp-json\/wp\/v2\/pages"}],"about":[{"href":"https:\/\/casadelaalquimiaaliksir.com\/index.php\/wp-json\/wp\/v2\/types\/page"}],"author":[{"embeddable":true,"href":"https:\/\/casadelaalquimiaaliksir.com\/index.php\/wp-json\/wp\/v2\/users\/2"}],"replies":[{"embeddable":true,"href":"https:\/\/casadelaalquimiaaliksir.com\/index.php\/wp-json\/wp\/v2\/comments?post=71"}],"version-history":[{"count":10,"href":"https:\/\/casadelaalquimiaaliksir.com\/index.php\/wp-json\/wp\/v2\/pages\/71\/revisions"}],"predecessor-version":[{"id":477,"href":"https:\/\/casadelaalquimiaaliksir.com\/index.php\/wp-json\/wp\/v2\/pages\/71\/revisions\/477"}],"up":[{"embeddable":true,"href":"https:\/\/casadelaalquimiaaliksir.com\/index.php\/wp-json\/wp\/v2\/pages\/65"}],"wp:attachment":[{"href":"https:\/\/casadelaalquimiaaliksir.com\/index.php\/wp-json\/wp\/v2\/media?parent=71"}],"curies":[{"name":"wp","href":"https:\/\/api.w.org\/{rel}","templated":true}]}}