{"id":76,"date":"2024-03-26T18:26:51","date_gmt":"2024-03-26T17:26:51","guid":{"rendered":"https:\/\/casadelaalquimiaaliksir.com\/?page_id=76"},"modified":"2024-07-22T11:30:53","modified_gmt":"2024-07-22T09:30:53","slug":"curso-de-formulacion-en-botica-andalusi-de-cosmetica-natural","status":"publish","type":"page","link":"https:\/\/casadelaalquimiaaliksir.com\/index.php\/cursos\/curso-de-formulacion-en-botica-andalusi-de-cosmetica-natural\/","title":{"rendered":"Curso de Formulaci\u00f3n en Botica Andalus\u00ed de Cosm\u00e9tica Natural"},"content":{"rendered":"<p>[et_pb_section fb_built=\u00bb1&#8243; _builder_version=\u00bb4.24.2&#8243; _module_preset=\u00bbdefault\u00bb background_image=\u00bbhttp:\/\/casadelaalquimiaaliksir.com\/wp-content\/uploads\/2024\/03\/pattern-sepia-1.png\u00bb custom_padding=\u00bb||28px|||\u00bb global_colors_info=\u00bb{}\u00bb][\/et_pb_section][et_pb_section fb_built=\u00bb1&#8243; _builder_version=\u00bb4.24.2&#8243; _module_preset=\u00bbdefault\u00bb global_colors_info=\u00bb{}\u00bb][et_pb_row _builder_version=\u00bb4.24.2&#8243; _module_preset=\u00bbdefault\u00bb global_colors_info=\u00bb{}\u00bb][et_pb_column type=\u00bb4_4&#8243; _builder_version=\u00bb4.24.2&#8243; _module_preset=\u00bbdefault\u00bb global_colors_info=\u00bb{}\u00bb][et_pb_text _builder_version=\u00bb4.24.2&#8243; _module_preset=\u00bbdefault\u00bb header_font=\u00bb|600|||||||\u00bb header_text_color=\u00bb#8e5607&#8243; global_colors_info=\u00bb{}\u00bb]<\/p>\n<h1 style=\"text-align: center;\">Curso de Formulaci\u00f3n en Botica Andalus\u00ed de Cosm\u00e9tica Naturaol<\/h1>\n<p>[\/et_pb_text][\/et_pb_column][\/et_pb_row][et_pb_row _builder_version=\u00bb4.24.2&#8243; _module_preset=\u00bbdefault\u00bb box_shadow_style=\u00bbpreset6&#8243; global_colors_info=\u00bb{}\u00bb][et_pb_column type=\u00bb4_4&#8243; _builder_version=\u00bb4.24.2&#8243; _module_preset=\u00bbdefault\u00bb global_colors_info=\u00bb{}\u00bb][et_pb_text _builder_version=\u00bb4.27.0&#8243; _module_preset=\u00bbdefault\u00bb text_text_color=\u00bb#c40909&#8243; text_font_size=\u00bb16px\u00bb header_font=\u00bb|600|||||||\u00bb header_text_color=\u00bb#8e5607&#8243; text_orientation=\u00bbcenter\u00bb custom_padding=\u00bb|20px||20px|false|true\u00bb hover_enabled=\u00bb0&#8243; global_colors_info=\u00bb{}\u00bb sticky_enabled=\u00bb0&#8243;]<\/p>\n<h3><span><em>Impartido por <strong>Adoraci\u00f3n P\u00e9rez Alfaro<\/strong><\/em><\/span><\/h3>\n<p>[\/et_pb_text][et_pb_text _builder_version=\u00bb4.24.2&#8243; _module_preset=\u00bbdefault\u00bb text_font_size=\u00bb16px\u00bb custom_padding=\u00bb|16px||16px|false|true\u00bb global_colors_info=\u00bb{}\u00bb]<\/p>\n<p align=\"justify\"><span>Licenciada en Farmacia y experta en Fito-Cosm\u00e9tica, trabaj\u00f3 en el laboratorio espag\u00edrico del maestro Yabir abu Omar en Granada. En la actualidad imparte sus ense\u00f1anzas en centros privados as\u00ed como en la propia Universidad de Granada.<\/span><\/p>\n<p>[\/et_pb_text][\/et_pb_column][\/et_pb_row][et_pb_row _builder_version=\u00bb4.24.2&#8243; _module_preset=\u00bbdefault\u00bb global_colors_info=\u00bb{}\u00bb][et_pb_column type=\u00bb4_4&#8243; _builder_version=\u00bb4.24.2&#8243; _module_preset=\u00bbdefault\u00bb global_colors_info=\u00bb{}\u00bb][et_pb_image src=\u00bbhttp:\/\/casadelaalquimiaaliksir.com\/wp-content\/uploads\/2024\/03\/Adoracion_Perez-1.jpg\u00bb title_text=\u00bbAdoracion_Perez\u00bb align=\u00bbcenter\u00bb _builder_version=\u00bb4.24.2&#8243; _module_preset=\u00bbdefault\u00bb global_colors_info=\u00bb{}\u00bb][\/et_pb_image][\/et_pb_column][\/et_pb_row][et_pb_row _builder_version=\u00bb4.24.2&#8243; _module_preset=\u00bbdefault\u00bb global_colors_info=\u00bb{}\u00bb][et_pb_column type=\u00bb4_4&#8243; _builder_version=\u00bb4.24.2&#8243; _module_preset=\u00bbdefault\u00bb global_colors_info=\u00bb{}\u00bb][et_pb_text _builder_version=\u00bb4.24.2&#8243; _module_preset=\u00bbdefault\u00bb text_font_size=\u00bb16px\u00bb global_colors_info=\u00bb{}\u00bb]<\/p>\n<p align=\"justify\"><span class=\"et-dropcap\">C<\/span> <b>ontenidos Te\u00f3ricos:<\/b><\/p>\n<p>1. Conceptos b\u00e1sicos de veh\u00edculos utilizables en la elaboraci\u00f3n y naturaleza de los ingredientes.- Cuerpos grasos de origen vegetal. Elementos \u00fatiles y b\u00e1sicos que utilizaremos para elaborar cosm\u00e9tica y muy conocidos incluso en nuestra alimentaci\u00f3n.- Cuerpos grasos de origen animal.- Otros productos como el alcohol, vinagre y miel.<\/p>\n<p>2. Manejo de las plantas medicinales.- Cultivo, recolecci\u00f3n y conservaci\u00f3n.- Propiedades y aplicaciones.- Plantas de uso en cosm\u00e9tica: cal\u00e9ndula, hamamelis, malva y milenrama.<\/p>\n<p>3. Plantas utilizadas en cosm\u00e9tica.- Descripci\u00f3n de plantas medicinales utilizadas en fitocosm\u00e9tica.- Fichas t\u00e9cnicas de plantas medicinales: \u00e1rnica, ang\u00e9lica, cal\u00e9ndula y artemisa.<\/p>\n<p>4. Aceites esenciales como agentes protectores y recuperadores de la piel.- Propiedades y aplicaci\u00f3n en cosm\u00e9tica.- Efecto fisiol\u00f3gico y psicol\u00f3gico.- Usos de los aceites esenciales en la cosm\u00e9tica.<\/p>\n<p><span class=\"et-dropcap\">C<\/span> <strong>ontenidos Pr\u00e1cticos:<\/strong><\/p>\n<p>1. Realizaci\u00f3n de t\u00f3nicos faciales y vinagres de ba\u00f1o.<\/p>\n<p>2. Cosmponentes y elaboraci\u00f3n de sales de ba\u00f1o y peeling, aceites corporales y de masaje.<\/p>\n<p>3. Componentes y elaboraci\u00f3n de cerato para eczemas y ung\u00fcento para quemaduras.<\/p>\n<p>[\/et_pb_text][et_pb_text _builder_version=\u00bb4.24.2&#8243; _module_preset=\u00bbdefault\u00bb text_font_size=\u00bb16px\u00bb global_colors_info=\u00bb{}\u00bb]<\/p>\n<p align=\"justify\"><span class='et-dropcap'>F<\/span><b>echas:\u00a0<\/b>por confirmar<\/p>\n<p align=\"justify\">Duraci\u00f3n: 16 horas.<\/p>\n<p>[\/et_pb_text][et_pb_text _builder_version=\u00bb4.24.2&#8243; _module_preset=\u00bbdefault\u00bb text_font_size=\u00bb16px\u00bb global_colors_info=\u00bb{}\u00bb]<\/p>\n<p align=\"justify\"><span class='et-dropcap'>P<\/span><strong>recio Inscripci\u00f3n: <\/strong>180\u20ac (incluye material did\u00e1ctico)<\/p>\n<p>[\/et_pb_text][et_pb_divider color=\u00bb#cecece\u00bb _builder_version=\u00bb4.24.2&#8243; _module_preset=\u00bbdefault\u00bb global_colors_info=\u00bb{}\u00bb][\/et_pb_divider][et_pb_text _builder_version=\u00bb4.24.2&#8243; _module_preset=\u00bbdefault\u00bb text_font_size=\u00bb16px\u00bb global_colors_info=\u00bb{}\u00bb]<\/p>\n<div id=\"sppb-addon-wrapper-1583834908515\" class=\"sppb-addon-wrapper  addon-root-text-block\">\n<div id=\"sppb-addon-1583834908515\" class=\"clearfix  \">\n<div class=\"sppb-addon sppb-addon-text-block \">\n<div class=\"sppb-addon-content\">\n<p style=\"text-align: center;\"><b>Informaci\u00f3n y Reserva:\u00a0 <\/b><span>contacto@casadelaalquimaaliksir.com<\/span><span>\u00a0y tel\u00e9fono (+34) 957890598 (Horario de llamada: Lunes a jueves de 10:00 a 15:00 horas y viernes de 15:00 a 19:00 horas).<\/span><\/p>\n<\/div>\n<\/div>\n<\/div>\n<\/div>\n<div id=\"sppb-addon-wrapper-1583834908519\" class=\"sppb-addon-wrapper  addon-root-divider\">\n<div id=\"sppb-addon-1583834908519\" class=\"clearfix  \">\n<div class=\"sppb-addon-divider-wrap divider-position\">\n<div class=\"sppb-divider sppb-divider-border \"><\/div>\n<\/div>\n<\/div>\n<\/div>\n<p>[\/et_pb_text][\/et_pb_column][\/et_pb_row][\/et_pb_section]<\/p>\n","protected":false},"excerpt":{"rendered":"<p>Curso de Formulaci\u00f3n en Botica Andalus\u00ed de Cosm\u00e9tica NaturaolImpartido por Adoraci\u00f3n P\u00e9rez AlfaroLicenciada en Farmacia y experta en Fito-Cosm\u00e9tica, trabaj\u00f3 en el laboratorio espag\u00edrico del maestro Yabir abu Omar en Granada. En la actualidad imparte sus ense\u00f1anzas en centros privados as\u00ed como en la propia Universidad de Granada.C ontenidos Te\u00f3ricos: 1. Conceptos b\u00e1sicos de veh\u00edculos [&hellip;]<\/p>\n","protected":false},"author":2,"featured_media":0,"parent":65,"menu_order":0,"comment_status":"closed","ping_status":"closed","template":"","meta":{"_et_pb_use_builder":"on","_et_pb_old_content":"","_et_gb_content_width":"","footnotes":""},"class_list":["post-76","page","type-page","status-publish","hentry"],"_links":{"self":[{"href":"https:\/\/casadelaalquimiaaliksir.com\/index.php\/wp-json\/wp\/v2\/pages\/76","targetHints":{"allow":["GET"]}}],"collection":[{"href":"https:\/\/casadelaalquimiaaliksir.com\/index.php\/wp-json\/wp\/v2\/pages"}],"about":[{"href":"https:\/\/casadelaalquimiaaliksir.com\/index.php\/wp-json\/wp\/v2\/types\/page"}],"author":[{"embeddable":true,"href":"https:\/\/casadelaalquimiaaliksir.com\/index.php\/wp-json\/wp\/v2\/users\/2"}],"replies":[{"embeddable":true,"href":"https:\/\/casadelaalquimiaaliksir.com\/index.php\/wp-json\/wp\/v2\/comments?post=76"}],"version-history":[{"count":4,"href":"https:\/\/casadelaalquimiaaliksir.com\/index.php\/wp-json\/wp\/v2\/pages\/76\/revisions"}],"predecessor-version":[{"id":277,"href":"https:\/\/casadelaalquimiaaliksir.com\/index.php\/wp-json\/wp\/v2\/pages\/76\/revisions\/277"}],"up":[{"embeddable":true,"href":"https:\/\/casadelaalquimiaaliksir.com\/index.php\/wp-json\/wp\/v2\/pages\/65"}],"wp:attachment":[{"href":"https:\/\/casadelaalquimiaaliksir.com\/index.php\/wp-json\/wp\/v2\/media?parent=76"}],"curies":[{"name":"wp","href":"https:\/\/api.w.org\/{rel}","templated":true}]}}