{"id":82,"date":"2024-03-26T18:27:54","date_gmt":"2024-03-26T17:27:54","guid":{"rendered":"https:\/\/casadelaalquimiaaliksir.com\/?page_id=82"},"modified":"2024-07-22T11:34:02","modified_gmt":"2024-07-22T09:34:02","slug":"curso-laboratorio-vegetal-y-tintura-de-plantas","status":"publish","type":"page","link":"https:\/\/casadelaalquimiaaliksir.com\/index.php\/cursos\/curso-laboratorio-vegetal-y-tintura-de-plantas\/","title":{"rendered":"Curso Laboratorio Vegetal y Tintura de Plantas"},"content":{"rendered":"<p>[et_pb_section fb_built=\u00bb1&#8243; _builder_version=\u00bb4.24.2&#8243; _module_preset=\u00bbdefault\u00bb background_image=\u00bbhttp:\/\/casadelaalquimiaaliksir.com\/wp-content\/uploads\/2024\/03\/pattern-sepia-1.png\u00bb custom_padding=\u00bb||28px|||\u00bb global_colors_info=\u00bb{}\u00bb][\/et_pb_section][et_pb_section fb_built=\u00bb1&#8243; _builder_version=\u00bb4.24.2&#8243; _module_preset=\u00bbdefault\u00bb global_colors_info=\u00bb{}\u00bb][et_pb_row _builder_version=\u00bb4.24.2&#8243; _module_preset=\u00bbdefault\u00bb global_colors_info=\u00bb{}\u00bb][et_pb_column type=\u00bb4_4&#8243; _builder_version=\u00bb4.24.2&#8243; _module_preset=\u00bbdefault\u00bb global_colors_info=\u00bb{}\u00bb][et_pb_text _builder_version=\u00bb4.24.2&#8243; _module_preset=\u00bbdefault\u00bb header_font=\u00bb|600|||||||\u00bb header_text_color=\u00bb#8e5607&#8243; global_colors_info=\u00bb{}\u00bb]<\/p>\n<h1 style=\"text-align: center;\">Curso de Laboratorio Vegetal y Tintura de Plantas<\/h1>\n<p>[\/et_pb_text][\/et_pb_column][\/et_pb_row][et_pb_row _builder_version=\u00bb4.24.2&#8243; _module_preset=\u00bbdefault\u00bb box_shadow_style=\u00bbpreset6&#8243; global_colors_info=\u00bb{}\u00bb][et_pb_column type=\u00bb4_4&#8243; _builder_version=\u00bb4.24.2&#8243; _module_preset=\u00bbdefault\u00bb global_colors_info=\u00bb{}\u00bb][et_pb_text _builder_version=\u00bb4.27.0&#8243; _module_preset=\u00bbdefault\u00bb text_text_color=\u00bb#c40909&#8243; text_font_size=\u00bb16px\u00bb header_font=\u00bb|600|||||||\u00bb header_text_color=\u00bb#8e5607&#8243; text_orientation=\u00bbcenter\u00bb custom_padding=\u00bb|20px||20px|false|true\u00bb hover_enabled=\u00bb0&#8243; global_colors_info=\u00bb{}\u00bb sticky_enabled=\u00bb0&#8243;]<\/p>\n<h3 style=\"text-align: right;\"><span><em>Impartido por <strong>Pedro Serrano L\u00f3pez<\/strong><\/em><\/span><\/h3>\n<p>[\/et_pb_text][et_pb_text _builder_version=\u00bb4.24.2&#8243; _module_preset=\u00bbdefault\u00bb text_font_size=\u00bb16px\u00bb custom_padding=\u00bb|16px||16px|false|true\u00bb global_colors_info=\u00bb{}\u00bb]<\/p>\n<p align=\"justify\" style=\"text-align: right;\"><span>Experto en el laboratorio vegetal, de formaci\u00f3n autodidacta, ha recogido el relevo de nuestros mayores en el estudio y fabricaci\u00f3n de preparados naturales \u00abde siempre\u00bb. El estudio de las plantas, su signaturizaci\u00f3n y la realizaci\u00f3n magistral de preparados con las mismas, est\u00e1 dentro de su hacer cotidiano.<\/span><\/p>\n<p>[\/et_pb_text][\/et_pb_column][\/et_pb_row][et_pb_row _builder_version=\u00bb4.24.2&#8243; _module_preset=\u00bbdefault\u00bb global_colors_info=\u00bb{}\u00bb][et_pb_column type=\u00bb4_4&#8243; _builder_version=\u00bb4.24.2&#8243; _module_preset=\u00bbdefault\u00bb global_colors_info=\u00bb{}\u00bb][et_pb_image src=\u00bbhttp:\/\/casadelaalquimiaaliksir.com\/wp-content\/uploads\/2024\/03\/Pedro_Serrano_Lopez-1.jpg\u00bb title_text=\u00bbPedro_Serrano_Lopez\u00bb align=\u00bbcenter\u00bb _builder_version=\u00bb4.24.2&#8243; _module_preset=\u00bbdefault\u00bb global_colors_info=\u00bb{}\u00bb][\/et_pb_image][\/et_pb_column][\/et_pb_row][et_pb_row _builder_version=\u00bb4.24.2&#8243; _module_preset=\u00bbdefault\u00bb global_colors_info=\u00bb{}\u00bb][et_pb_column type=\u00bb4_4&#8243; _builder_version=\u00bb4.24.2&#8243; _module_preset=\u00bbdefault\u00bb global_colors_info=\u00bb{}\u00bb][et_pb_text _builder_version=\u00bb4.24.2&#8243; _module_preset=\u00bbdefault\u00bb text_font_size=\u00bb16px\u00bb global_colors_info=\u00bb{}\u00bb]<\/p>\n<p align=\"justify\"><span class='et-dropcap'>P<\/span><span>resentaci\u00f3n: en este taller, que se imparte para todas las edades (12 an\u0303os en adelante), avanzaremos en el conocimiento de las plantas, aprenderemos que necesitamos tener en un laboratorio vegetal, las medidas de seguridad m\u00ednimas, los materiales, tipos de fuegos y precauciones. Usaremos los siguientes ingredientes necesarios en el laboratorio vegetal: el spiritus vini, agua mineral o de manantial, las plantas, y conoceremos la diferencia entre plantas secas y frescas y c\u00f3mo tratarlas para realizar una tintura. En el taller, vamos a confeccionar una tintura vegetal por extracci\u00f3n (destilaci\u00f3n), veremos las diferencias entre las maceraciones y las extracciones, y aprenderemos a como envasarlas para una mejor conservaci\u00f3n, nos llevaremos unas fotocopias de este contenido para poder repasarlo en casa, as\u00ed como nuestra propia tintura e indicaciones precisas para montar un laboratorio vegetal.<\/span><\/p>\n<p>[\/et_pb_text][et_pb_text _builder_version=\u00bb4.24.2&#8243; _module_preset=\u00bbdefault\u00bb text_font_size=\u00bb16px\u00bb global_colors_info=\u00bb{}\u00bb]<\/p>\n<p align=\"justify\"><span class='et-dropcap'>R<\/span><\/p>\n<p><b>equisitos:<\/b>\u00a0Es aconsejable haber realizado previamente el\u00a0curso de reconocimiento de plantas.<\/p>\n<p align=\"JUSTIFY\"><b>Contenidos:<\/b><\/p>\n<p align=\"JUSTIFY\">1. Laboratorio Vegetal: Medidas de seguridad m\u00ednimas, materiales, tipos de fuegos y precauciones varias.<\/p>\n<p align=\"JUSTIFY\">2. Ingredientes necesarios en un laboratorio vegetal b\u00e1sico.<\/p>\n<p align=\"JUSTIFY\">3. Diferencias entre maceraciones y extracciones<\/p>\n<p align=\"JUSTIFY\">4. \u00bfQu\u00e9 son las tinturas vegetales simples y las complejas?<\/p>\n<p align=\"JUSTIFY\">5. Materias primas para poder hacer extracciones vegetales en caliente<\/p>\n<p align=\"JUSTIFY\">6. Creaci\u00f3n de una tintura simple<\/p>\n<p align=\"JUSTIFY\">7. Usos y Conservaci\u00f3n de las mismas<\/p>\n<p>[\/et_pb_text][et_pb_text _builder_version=\u00bb4.24.2&#8243; _module_preset=\u00bbdefault\u00bb text_font_size=\u00bb16px\u00bb global_colors_info=\u00bb{}\u00bb]<\/p>\n<p align=\"justify\"><span class='et-dropcap'>F<\/span><b>echas:\u00a0<\/b><\/p>\n<p align=\"justify\">por confirmar.\u00a0Duraci\u00f3n: 8 horas (de 10:00 a 14:00 y de 16:00 a 20:00)<\/p>\n<p>[\/et_pb_text][et_pb_text _builder_version=\u00bb4.24.2&#8243; _module_preset=\u00bbdefault\u00bb text_font_size=\u00bb16px\u00bb global_colors_info=\u00bb{}\u00bb]<\/p>\n<p align=\"justify\"><span class='et-dropcap'>P<\/span><strong>recio Inscripci\u00f3n: <\/strong>100\u20ac (incluye material did\u00e1ctico)<\/p>\n<p align=\"justify\">Precio Especial para J\u00f3venes de 12 a 18 a\u00f1os: 60\u20ac<\/p>\n<p>[\/et_pb_text][et_pb_divider color=\u00bb#cecece\u00bb _builder_version=\u00bb4.24.2&#8243; _module_preset=\u00bbdefault\u00bb global_colors_info=\u00bb{}\u00bb][\/et_pb_divider][et_pb_text _builder_version=\u00bb4.27.0&#8243; _module_preset=\u00bbdefault\u00bb text_font_size=\u00bb16px\u00bb global_colors_info=\u00bb{}\u00bb]<\/p>\n<div id=\"sppb-addon-wrapper-1583834908515\" class=\"sppb-addon-wrapper  addon-root-text-block\">\n<div id=\"sppb-addon-1583834908515\" class=\"clearfix  \">\n<div class=\"sppb-addon sppb-addon-text-block \">\n<div class=\"sppb-addon-content\">\n<p style=\"text-align: center;\"><b>Informaci\u00f3n y Reserva: <\/b>contacto@casadelaalquimiaaliksir.com<span>\u00a0y tel\u00e9fono (+34) 957890598 (Horario de llamada: Lunes a jueves de 10:00 a 15:00 horas y viernes de 15:00 a 19:00 horas).<\/span><\/p>\n<\/div>\n<\/div>\n<\/div>\n<\/div>\n<div id=\"sppb-addon-wrapper-1583834908519\" class=\"sppb-addon-wrapper  addon-root-divider\">\n<div id=\"sppb-addon-1583834908519\" class=\"clearfix  \">\n<div class=\"sppb-addon-divider-wrap divider-position\">\n<div class=\"sppb-divider sppb-divider-border \"><\/div>\n<\/div>\n<\/div>\n<\/div>\n<p>[\/et_pb_text][\/et_pb_column][\/et_pb_row][\/et_pb_section]<\/p>\n","protected":false},"excerpt":{"rendered":"<p>Curso de Laboratorio Vegetal y Tintura de PlantasImpartido por Pedro Serrano L\u00f3pezExperto en el laboratorio vegetal, de formaci\u00f3n autodidacta, ha recogido el relevo de nuestros mayores en el estudio y fabricaci\u00f3n de preparados naturales \u00abde siempre\u00bb. El estudio de las plantas, su signaturizaci\u00f3n y la realizaci\u00f3n magistral de preparados con las mismas, est\u00e1 dentro de [&hellip;]<\/p>\n","protected":false},"author":2,"featured_media":0,"parent":65,"menu_order":0,"comment_status":"closed","ping_status":"closed","template":"","meta":{"_et_pb_use_builder":"on","_et_pb_old_content":"","_et_gb_content_width":"","footnotes":""},"class_list":["post-82","page","type-page","status-publish","hentry"],"_links":{"self":[{"href":"https:\/\/casadelaalquimiaaliksir.com\/index.php\/wp-json\/wp\/v2\/pages\/82","targetHints":{"allow":["GET"]}}],"collection":[{"href":"https:\/\/casadelaalquimiaaliksir.com\/index.php\/wp-json\/wp\/v2\/pages"}],"about":[{"href":"https:\/\/casadelaalquimiaaliksir.com\/index.php\/wp-json\/wp\/v2\/types\/page"}],"author":[{"embeddable":true,"href":"https:\/\/casadelaalquimiaaliksir.com\/index.php\/wp-json\/wp\/v2\/users\/2"}],"replies":[{"embeddable":true,"href":"https:\/\/casadelaalquimiaaliksir.com\/index.php\/wp-json\/wp\/v2\/comments?post=82"}],"version-history":[{"count":5,"href":"https:\/\/casadelaalquimiaaliksir.com\/index.php\/wp-json\/wp\/v2\/pages\/82\/revisions"}],"predecessor-version":[{"id":279,"href":"https:\/\/casadelaalquimiaaliksir.com\/index.php\/wp-json\/wp\/v2\/pages\/82\/revisions\/279"}],"up":[{"embeddable":true,"href":"https:\/\/casadelaalquimiaaliksir.com\/index.php\/wp-json\/wp\/v2\/pages\/65"}],"wp:attachment":[{"href":"https:\/\/casadelaalquimiaaliksir.com\/index.php\/wp-json\/wp\/v2\/media?parent=82"}],"curies":[{"name":"wp","href":"https:\/\/api.w.org\/{rel}","templated":true}]}}